{"id":1683,"date":"2025-12-14T16:21:22","date_gmt":"2025-12-14T19:21:22","guid":{"rendered":"https:\/\/vibesdesigns.cl\/?post_type=product&#038;p=1683"},"modified":"2026-02-09T10:35:30","modified_gmt":"2026-02-09T13:35:30","slug":"camiseta-arms","status":"publish","type":"product","link":"https:\/\/vibesdesigns.cl\/?product=camiseta-arms","title":{"rendered":"CAMISETA ARMS 250 GSM"},"content":{"rendered":"","protected":false},"excerpt":{"rendered":"<p>Modelo de referencia mide 1.75cm, pesa 78kg y lleva una talla M<\/p>\n<p>Las camisetas Vibes est\u00e1n fabricadas 100% de algod\u00f3n Jersey, un algod\u00f3n suave, de alta calidad y con un grosor de 250 GSM, el cual garantiza mayor durabilidad y calidad de la prenda, ademas de ser el GSM ideal para el verano sin perder calidad.<\/p>\n<ul>\n<li>Boxy fit<\/li>\n<li>100% algod\u00f3n Jersey<\/li>\n<li>250 GSM (Gramo por metro)<\/li>\n<li>Estampado DTG<\/li>\n<\/ul>\n<p><strong>Cuidado de la prenda:<\/strong><\/p>\n<ul>\n<li>Lavar con agua fr\u00eda o tibia por el rev\u00e9s<\/li>\n<li>Secar al aire libre sin recibir sol<\/li>\n<li>Planchar por el rev\u00e9s.<\/li>\n<\/ul>\n","protected":false},"featured_media":1848,"template":"","meta":[],"product_brand":[42],"product_cat":[50],"product_tag":[],"class_list":{"0":"post-1683","1":"product","2":"type-product","3":"status-publish","4":"has-post-thumbnail","6":"product_brand-hombre","7":"product_cat-camiseta","8":"pa_color-gris","9":"pa_color-negro","10":"pa_talla-l","11":"pa_talla-m","12":"pa_talla-s","13":"pa_talla-xl","15":"first","16":"instock","17":"sale","18":"featured","19":"shipping-taxable","20":"purchasable","21":"product-type-variable"},"jetpack_sharing_enabled":true,"_links":{"self":[{"href":"https:\/\/vibesdesigns.cl\/index.php?rest_route=\/wp\/v2\/product\/1683","targetHints":{"allow":["GET"]}}],"collection":[{"href":"https:\/\/vibesdesigns.cl\/index.php?rest_route=\/wp\/v2\/product"}],"about":[{"href":"https:\/\/vibesdesigns.cl\/index.php?rest_route=\/wp\/v2\/types\/product"}],"wp:featuredmedia":[{"embeddable":true,"href":"https:\/\/vibesdesigns.cl\/index.php?rest_route=\/wp\/v2\/media\/1848"}],"wp:attachment":[{"href":"https:\/\/vibesdesigns.cl\/index.php?rest_route=%2Fwp%2Fv2%2Fmedia&parent=1683"}],"wp:term":[{"taxonomy":"product_brand","embeddable":true,"href":"https:\/\/vibesdesigns.cl\/index.php?rest_route=%2Fwp%2Fv2%2Fproduct_brand&post=1683"},{"taxonomy":"product_cat","embeddable":true,"href":"https:\/\/vibesdesigns.cl\/index.php?rest_route=%2Fwp%2Fv2%2Fproduct_cat&post=1683"},{"taxonomy":"product_tag","embeddable":true,"href":"https:\/\/vibesdesigns.cl\/index.php?rest_route=%2Fwp%2Fv2%2Fproduct_tag&post=1683"}],"curies":[{"name":"wp","href":"https:\/\/api.w.org\/{rel}","templated":true}]}}